{"id":53,"date":"2020-12-06T23:27:16","date_gmt":"2020-12-06T22:27:16","guid":{"rendered":"https:\/\/www.chronik-hamich.de\/wordpress\/?page_id=53"},"modified":"2026-03-11T11:01:25","modified_gmt":"2026-03-11T10:01:25","slug":"aktuelles","status":"publish","type":"page","link":"https:\/\/www.chronik-hamich.de\/wordpress\/?page_id=53","title":{"rendered":"Impressum"},"content":{"rendered":"\n<figure class=\"wp-block-gallery columns-0 is-cropped\"><ul class=\"blocks-gallery-grid\"><\/ul><\/figure>\n\n\n\n<p><\/p>\n\n\n\n<p>Chronik&nbsp;Hamich&nbsp;e.V.&nbsp;<\/p>\n\n\n\n<p>Heisterner&nbsp;Stra\u00dfe 38&nbsp;<\/p>\n\n\n\n<p>52379 Langerwehe-Hamich&nbsp;<\/p>\n\n\n\n<p><\/p>\n\n\n\n<p><strong>Kontaktm\u00f6glichkeiten<\/strong>&nbsp;<\/p>\n\n\n\n<p>E-Mail-Adresse:&nbsp;<a href=\"mailto:chronik.hamich@gmx.de\" target=\"_blank\" rel=\"noreferrer noopener\">chronik.hamich@gmx.de<\/a>&nbsp;<\/p>\n\n\n\n<p>Telefon: 02409 1073\u00a0<\/p>\n\n\n\n<p><\/p>\n\n\n\n<p><\/p>\n\n\n\n<p><strong>Vertretungsberechtigte Personen<\/strong>&nbsp;<\/p>\n\n\n\n<p>Vertretungsberechtigt:&nbsp;&nbsp;<\/p>\n\n\n\n<p>Gerlinde Dohmen&nbsp;\u2013&nbsp;Vorsitzende&nbsp;<\/p>\n\n\n\n<p>Carsten Schmidt &#8211; stellvertretender Vorsitzender&nbsp;<\/p>\n\n\n\n<p>Elmar Grafensch\u00e4fer &#8211; Schatzmeister&nbsp;<\/p>\n\n\n\n<p><\/p>\n\n\n\n<p><strong>Journalistisch-redaktionelle Angebote<\/strong>&nbsp;<\/p>\n\n\n\n<p>Inhaltlich verantwortlich:&nbsp;&nbsp;<\/p>\n\n\n\n<p>Gerlinde Dohmen&nbsp;<\/p>\n\n\n\n<p>Heisterner&nbsp;Stra\u00dfe 38&nbsp;<\/p>\n\n\n\n<p>52379 Langerwehe-Hamich&nbsp;<\/p>\n\n\n\n<p><\/p>\n\n\n\n<p><strong>Register und Registernummer<\/strong>&nbsp;<\/p>\n\n\n\n<p>Vereinsregister&nbsp;<\/p>\n\n\n\n<p>Gef\u00fchrt bei: Amtsgericht D\u00fcren&nbsp;<\/p>\n\n\n\n<p>Nummer: VR2811&nbsp;<\/p>\n\n\n\n<p>Umsatzsteuer-Identifikationsnummer gem. \u00a727a Umsatzsteuergesetz: DE356920030&nbsp;<\/p>\n\n\n\n<p><\/p>\n\n\n\n<p><strong>Haftungs- und Schutzrechtshinweise<\/strong>&nbsp;<\/p>\n\n\n\n<p>Haftungsausschluss: Die Inhalte dieses Onlineangebotes wurden sorgf\u00e4ltig und nach unserem aktuellen Kenntnisstand erstellt, dienen jedoch nur der Information und entfalten keine rechtlich bindende Wirkung, sofern es sich nicht um gesetzlich verpflichtende Informationen (z. B. das Impressum, die Datenschutzerkl\u00e4rung, AGB oder verpflichtende Belehrungen von Verbrauchern) handelt. Wir behalten uns vor, die Inhalte vollst\u00e4ndig oder teilweise zu \u00e4ndern oder zu l\u00f6schen, soweit vertragliche Verpflichtungen unber\u00fchrt bleiben. Alle Angebote sind freibleibend und unverbindlich.&nbsp;<\/p>\n\n\n\n<p>Urheberrechte und Markenrechte: Alle auf dieser Website dargestellten Inhalte, wie Texte, Fotografien, Grafiken, Marken und Warenzeichen sind durch die jeweiligen Schutzrechte (Urheberrechte, Markenrechte) gesch\u00fctzt. Die Verwendung, Vervielf\u00e4ltigung usw. unterliegen unseren Rechten oder den Rechten der jeweiligen Urheber bzw. Rechteinhaber.&nbsp;<\/p>\n\n\n\n<p><a href=\"https:\/\/datenschutz-generator.de\/\" target=\"_blank\" rel=\"noreferrer noopener\">Erstellt mit kostenlosem Datenschutz-Generator.de von Dr. Thomas Schwenke<\/a>&nbsp;<\/p>\n","protected":false},"excerpt":{"rendered":"<p>Chronik&nbsp;Hamich&nbsp;e.V.&nbsp; Heisterner&nbsp;Stra\u00dfe 38&nbsp; 52379 Langerwehe-Hamich&nbsp; Kontaktm\u00f6glichkeiten&nbsp; E-Mail-Adresse:&nbsp;chronik.hamich@gmx.de&nbsp; Telefon: 02409 1073\u00a0 Vertretungsberechtigte Personen&nbsp; Vertretungsberechtigt:&nbsp;&nbsp; Gerlinde Dohmen&nbsp;\u2013&nbsp;Vorsitzende&nbsp; Carsten Schmidt &#8211; stellvertretender Vorsitzender&nbsp; Elmar Grafensch\u00e4fer &#8211; Schatzmeister&nbsp; Journalistisch-redaktionelle Angebote&nbsp; Inhaltlich verantwortlich:&nbsp;&nbsp; Gerlinde Dohmen&nbsp; Heisterner&nbsp;Stra\u00dfe 38&nbsp; 52379 Langerwehe-Hamich&nbsp; Register und Registernummer&nbsp; Vereinsregister&nbsp; Gef\u00fchrt bei: &hellip; <a href=\"https:\/\/www.chronik-hamich.de\/wordpress\/?page_id=53\">Weiterlesen <span class=\"meta-nav\">&rarr;<\/span><\/a><\/p>\n","protected":false},"author":1,"featured_media":82,"parent":0,"menu_order":4,"comment_status":"closed","ping_status":"closed","template":"","meta":[],"_links":{"self":[{"href":"https:\/\/www.chronik-hamich.de\/wordpress\/index.php?rest_route=\/wp\/v2\/pages\/53"}],"collection":[{"href":"https:\/\/www.chronik-hamich.de\/wordpress\/index.php?rest_route=\/wp\/v2\/pages"}],"about":[{"href":"https:\/\/www.chronik-hamich.de\/wordpress\/index.php?rest_route=\/wp\/v2\/types\/page"}],"author":[{"embeddable":true,"href":"https:\/\/www.chronik-hamich.de\/wordpress\/index.php?rest_route=\/wp\/v2\/users\/1"}],"replies":[{"embeddable":true,"href":"https:\/\/www.chronik-hamich.de\/wordpress\/index.php?rest_route=%2Fwp%2Fv2%2Fcomments&post=53"}],"version-history":[{"count":11,"href":"https:\/\/www.chronik-hamich.de\/wordpress\/index.php?rest_route=\/wp\/v2\/pages\/53\/revisions"}],"predecessor-version":[{"id":150,"href":"https:\/\/www.chronik-hamich.de\/wordpress\/index.php?rest_route=\/wp\/v2\/pages\/53\/revisions\/150"}],"wp:featuredmedia":[{"embeddable":true,"href":"https:\/\/www.chronik-hamich.de\/wordpress\/index.php?rest_route=\/wp\/v2\/media\/82"}],"wp:attachment":[{"href":"https:\/\/www.chronik-hamich.de\/wordpress\/index.php?rest_route=%2Fwp%2Fv2%2Fmedia&parent=53"}],"curies":[{"name":"wp","href":"https:\/\/api.w.org\/{rel}","templated":true}]}}