{"id":2,"date":"2020-12-06T22:14:53","date_gmt":"2020-12-06T21:14:53","guid":{"rendered":"https:\/\/www.chronik-hamich.de\/wordpress\/?page_id=2"},"modified":"2026-03-27T10:41:08","modified_gmt":"2026-03-27T09:41:08","slug":"aktivitaeten","status":"publish","type":"page","link":"https:\/\/www.chronik-hamich.de\/wordpress\/?page_id=2","title":{"rendered":"Aktivit\u00e4ten"},"content":{"rendered":"\n<figure class=\"wp-block-gallery columns-0 is-cropped\"><ul class=\"blocks-gallery-grid\"><\/ul><\/figure>\n\n\n\n<p>Treffen f\u00fcr alle, die an Themen der&nbsp;Dorfgeschichte&nbsp;interessiert sind.&nbsp;<\/p>\n\n\n\n<p><strong>B\u00fcrgerhaus Transvaal,&nbsp;Heisterner&nbsp;Stra\u00dfe&nbsp;15, 52379 Langerwehe.<\/strong>&nbsp;<\/p>\n\n\n\n<p>Jeweils&nbsp;um&nbsp;<strong>18:30 Uhr<\/strong>&nbsp;an folgenden Tagen (Mittwochs)&nbsp;<\/p>\n\n\n\n<p>22.04.2026&nbsp;<\/p>\n\n\n\n<p>17.06.2026&nbsp;<\/p>\n\n\n\n<p>30.09.2026&nbsp;<\/p>\n\n\n\n<p>18.11.2026&nbsp;<\/p>\n\n\n\n<figure class=\"wp-block-image size-large\"><img loading=\"lazy\" width=\"1024\" height=\"762\" src=\"https:\/\/www.chronik-hamich.de\/wordpress\/wp-content\/uploads\/2026\/03\/1905_Transvaal-1024x762.jpg\" alt=\"\" class=\"wp-image-141\" srcset=\"https:\/\/www.chronik-hamich.de\/wordpress\/wp-content\/uploads\/2026\/03\/1905_Transvaal-1024x762.jpg 1024w, https:\/\/www.chronik-hamich.de\/wordpress\/wp-content\/uploads\/2026\/03\/1905_Transvaal-300x223.jpg 300w, https:\/\/www.chronik-hamich.de\/wordpress\/wp-content\/uploads\/2026\/03\/1905_Transvaal-768x572.jpg 768w, https:\/\/www.chronik-hamich.de\/wordpress\/wp-content\/uploads\/2026\/03\/1905_Transvaal-1536x1144.jpg 1536w, https:\/\/www.chronik-hamich.de\/wordpress\/wp-content\/uploads\/2026\/03\/1905_Transvaal-2048x1525.jpg 2048w, https:\/\/www.chronik-hamich.de\/wordpress\/wp-content\/uploads\/2026\/03\/1905_Transvaal-403x300.jpg 403w\" sizes=\"(max-width: 1024px) 100vw, 1024px\" \/><figcaption>Transvaal um 1905<\/figcaption><\/figure>\n","protected":false},"excerpt":{"rendered":"<p>Treffen f\u00fcr alle, die an Themen der&nbsp;Dorfgeschichte&nbsp;interessiert sind.&nbsp; B\u00fcrgerhaus Transvaal,&nbsp;Heisterner&nbsp;Stra\u00dfe&nbsp;15, 52379 Langerwehe.&nbsp; Jeweils&nbsp;um&nbsp;18:30 Uhr&nbsp;an folgenden Tagen (Mittwochs)&nbsp; 22.04.2026&nbsp; 17.06.2026&nbsp; 30.09.2026&nbsp; 18.11.2026&nbsp;<\/p>\n","protected":false},"author":1,"featured_media":82,"parent":0,"menu_order":2,"comment_status":"closed","ping_status":"closed","template":"","meta":[],"_links":{"self":[{"href":"https:\/\/www.chronik-hamich.de\/wordpress\/index.php?rest_route=\/wp\/v2\/pages\/2"}],"collection":[{"href":"https:\/\/www.chronik-hamich.de\/wordpress\/index.php?rest_route=\/wp\/v2\/pages"}],"about":[{"href":"https:\/\/www.chronik-hamich.de\/wordpress\/index.php?rest_route=\/wp\/v2\/types\/page"}],"author":[{"embeddable":true,"href":"https:\/\/www.chronik-hamich.de\/wordpress\/index.php?rest_route=\/wp\/v2\/users\/1"}],"replies":[{"embeddable":true,"href":"https:\/\/www.chronik-hamich.de\/wordpress\/index.php?rest_route=%2Fwp%2Fv2%2Fcomments&post=2"}],"version-history":[{"count":9,"href":"https:\/\/www.chronik-hamich.de\/wordpress\/index.php?rest_route=\/wp\/v2\/pages\/2\/revisions"}],"predecessor-version":[{"id":188,"href":"https:\/\/www.chronik-hamich.de\/wordpress\/index.php?rest_route=\/wp\/v2\/pages\/2\/revisions\/188"}],"wp:featuredmedia":[{"embeddable":true,"href":"https:\/\/www.chronik-hamich.de\/wordpress\/index.php?rest_route=\/wp\/v2\/media\/82"}],"wp:attachment":[{"href":"https:\/\/www.chronik-hamich.de\/wordpress\/index.php?rest_route=%2Fwp%2Fv2%2Fmedia&parent=2"}],"curies":[{"name":"wp","href":"https:\/\/api.w.org\/{rel}","templated":true}]}}