{"id":18,"date":"2020-12-06T22:46:07","date_gmt":"2020-12-06T21:46:07","guid":{"rendered":"https:\/\/www.chronik-hamich.de\/wordpress\/?page_id=18"},"modified":"2026-03-27T10:40:38","modified_gmt":"2026-03-27T09:40:38","slug":"ueber-uns","status":"publish","type":"page","link":"https:\/\/www.chronik-hamich.de\/wordpress\/?page_id=18","title":{"rendered":"\u00dcber uns"},"content":{"rendered":"\n<figure class=\"wp-block-gallery columns-0 is-cropped\"><ul class=\"blocks-gallery-grid\"><\/ul><\/figure>\n\n\n\n<p>Wir wollen die Geschichte des Dorfes aufarbeiten und f\u00fcr nachfolgende Generationen erhalten.<\/p>\n\n\n\n<p>Unser Ziel ist:<\/p>\n\n\n\n<ul><li>Altes Wissen<\/li><li>Dokumente<\/li><li>Bilder und Fotos<\/li><\/ul>\n\n\n\n<p>zu bewahren und zu dokumentieren.<\/p>\n\n\n\n<p>Au\u00dferdem m\u00f6chten wir:<\/p>\n\n\n\n<ul><li>lokale historische Themen recherchieren<\/li><li>pers\u00f6nliche Geschichten \/Erlebnisse aufzeichnen<\/li><\/ul>\n\n\n\n<p><\/p>\n\n\n\n<p>Wir freuen uns \u00fcber ihre Geschichte und ihre Bilder zu diesen Themen.<\/p>\n\n\n\n<p>Schreiben Sie uns einfach an: chronik.hamich@gmx.de<\/p>\n\n\n\n<p><\/p>\n\n\n\n<figure class=\"wp-block-image size-large\"><img loading=\"lazy\" width=\"1024\" height=\"648\" src=\"https:\/\/www.chronik-hamich.de\/wordpress\/wp-content\/uploads\/2026\/03\/Festzug-Schuetzen-1-1024x648.jpg\" alt=\"\" class=\"wp-image-157\" srcset=\"https:\/\/www.chronik-hamich.de\/wordpress\/wp-content\/uploads\/2026\/03\/Festzug-Schuetzen-1-1024x648.jpg 1024w, https:\/\/www.chronik-hamich.de\/wordpress\/wp-content\/uploads\/2026\/03\/Festzug-Schuetzen-1-300x190.jpg 300w, https:\/\/www.chronik-hamich.de\/wordpress\/wp-content\/uploads\/2026\/03\/Festzug-Schuetzen-1-768x486.jpg 768w, https:\/\/www.chronik-hamich.de\/wordpress\/wp-content\/uploads\/2026\/03\/Festzug-Schuetzen-1-1536x971.jpg 1536w, https:\/\/www.chronik-hamich.de\/wordpress\/wp-content\/uploads\/2026\/03\/Festzug-Schuetzen-1-474x300.jpg 474w, https:\/\/www.chronik-hamich.de\/wordpress\/wp-content\/uploads\/2026\/03\/Festzug-Schuetzen-1.jpg 2048w\" sizes=\"(max-width: 1024px) 100vw, 1024px\" \/><figcaption>Sch\u00fctzenumzug in den 60er-Jahren, Sammlung Josef M\u00fcller<\/figcaption><\/figure>\n\n\n\n<p><\/p>\n\n\n\n<p>Wir hoffen so auch Zugezogenen ihren neuen Heimatort n\u00e4herzubringen k\u00f6nnen.<\/p>\n\n\n\n<p>Wir wollen das Gemeinschaftsgef\u00fchl st\u00e4rken und eine emotionale Bindung an unser Dorf schaffen.<\/p>\n\n\n\n<p>Wir wollen auch das Wissen, das uns heute noch zur Verf\u00fcgung steht, f\u00fcr die nachfolgenden Generationen dokumentieren und bewahren.<\/p>\n\n\n\n<p>Aus diesen Gr\u00fcnden organisieren wir mehrmals im Jahr Treffen im B\u00fcrgerhaus Transvaal, um den Austausch zu f\u00f6rdern, die Dorfgemeinschaft zu pflegen und die Geschichte Hamichs der Bev\u00f6lkerung n\u00e4her zu bringen.<\/p>\n\n\n\n<p>Dazu laden wir alle ein, die sich f\u00fcr unser Dorf interessieren.<\/p>\n\n\n\n<p>    <\/p>\n\n\n\n<p><\/p>\n\n\n\n<p><\/p>\n\n\n\n<p><\/p>\n\n\n\n<p class=\"has-text-align-center\">\u201c<strong><em>Die Geschichte endet nicht mit uns.\u201d<\/em><\/strong><\/p>\n\n\n\n<p class=\"has-text-align-center\">Sokrates (470 \u2013 399 v. Chr.), griechischer Philosoph<\/p>\n","protected":false},"excerpt":{"rendered":"<p>Wir wollen die Geschichte des Dorfes aufarbeiten und f\u00fcr nachfolgende Generationen erhalten. Unser Ziel ist: Altes Wissen Dokumente Bilder und Fotos zu bewahren und zu dokumentieren. Au\u00dferdem m\u00f6chten wir: lokale historische Themen recherchieren pers\u00f6nliche Geschichten \/Erlebnisse aufzeichnen Wir freuen uns &hellip; <a href=\"https:\/\/www.chronik-hamich.de\/wordpress\/?page_id=18\">Weiterlesen <span class=\"meta-nav\">&rarr;<\/span><\/a><\/p>\n","protected":false},"author":1,"featured_media":82,"parent":0,"menu_order":1,"comment_status":"closed","ping_status":"closed","template":"","meta":[],"_links":{"self":[{"href":"https:\/\/www.chronik-hamich.de\/wordpress\/index.php?rest_route=\/wp\/v2\/pages\/18"}],"collection":[{"href":"https:\/\/www.chronik-hamich.de\/wordpress\/index.php?rest_route=\/wp\/v2\/pages"}],"about":[{"href":"https:\/\/www.chronik-hamich.de\/wordpress\/index.php?rest_route=\/wp\/v2\/types\/page"}],"author":[{"embeddable":true,"href":"https:\/\/www.chronik-hamich.de\/wordpress\/index.php?rest_route=\/wp\/v2\/users\/1"}],"replies":[{"embeddable":true,"href":"https:\/\/www.chronik-hamich.de\/wordpress\/index.php?rest_route=%2Fwp%2Fv2%2Fcomments&post=18"}],"version-history":[{"count":13,"href":"https:\/\/www.chronik-hamich.de\/wordpress\/index.php?rest_route=\/wp\/v2\/pages\/18\/revisions"}],"predecessor-version":[{"id":187,"href":"https:\/\/www.chronik-hamich.de\/wordpress\/index.php?rest_route=\/wp\/v2\/pages\/18\/revisions\/187"}],"wp:featuredmedia":[{"embeddable":true,"href":"https:\/\/www.chronik-hamich.de\/wordpress\/index.php?rest_route=\/wp\/v2\/media\/82"}],"wp:attachment":[{"href":"https:\/\/www.chronik-hamich.de\/wordpress\/index.php?rest_route=%2Fwp%2Fv2%2Fmedia&parent=18"}],"curies":[{"name":"wp","href":"https:\/\/api.w.org\/{rel}","templated":true}]}}